{"id":56,"date":"2019-12-23T19:52:05","date_gmt":"2019-12-23T19:52:05","guid":{"rendered":"http:\/\/rem-ex.pl\/?page_id=56"},"modified":"2019-12-23T21:28:05","modified_gmt":"2019-12-23T21:28:05","slug":"rem-ex","status":"publish","type":"page","link":"http:\/\/rem-ex.pl\/","title":{"rendered":"Rem-Ex"},"content":{"rendered":"\n<p>\u00a0\u00a0 Jestesmy rodzinna firm\u0105 z kilkunastoletnim do\u015bwiadczeniem w bran\u017cy remontowo-budowlanej. Swiadczymy profesjonalne i kompleksowe us\u0142ugi budowlane.Zapewniamy fachowa pomoc w adaptacjipomys\u0142\u00f3w oraz w zakupie i transporcie materia\u0142\u00f3w.<\/p>\n\n\n\n<p>&nbsp;&nbsp;&nbsp;&nbsp; Posiadamy wiedz\u0119 i nowoczesne zaplecze techniczne, co umo\u017cliwia nam indywidualne i nowatroskie podej\u015bcie do ka\u017cdego projektu.<\/p>\n\n\n\n<p>&nbsp;&nbsp;&nbsp;&nbsp; Nasze do\u015bwiadczenie zdobywali\u015bmy m.in. we Francji, gdzie zajmowali\u015bmy si\u0119 wyko\u0144czeniami mieszka\u0144, biur, dom\u00f3w, a tak\u017ce rozbudow\u0105 budynk\u00f3w mieszkalnych.<\/p>\n\n\n\n<p>&nbsp;&nbsp;&nbsp;&nbsp; To w\u0142a\u015bnie d\u0142ugoletnia dzia\u0142alno\u015b\u0107 i zdobyte do\u015bwiadczenie na rynku sprawi\u0142y, \u017ce zdobyli\u015bmy uznanie i zaufanie w\u015br\u00f3d klent\u00f3w.<\/p>\n\n\n\n<p>&nbsp;&nbsp;&nbsp;&nbsp; Gwarantujemy terminowe oraz solidne wykonanie us\u0142ug, doradztwo,uczciwo\u015b\u0107 oraz konkurencyjne ceny.<\/p>\n\n\n\n<p>Zapraszamy do wspo\u0142pracy !<\/p>\n\n\n\n<p><\/p>\n","protected":false},"excerpt":{"rendered":"<p>\u00a0\u00a0 Jestesmy rodzinna firm\u0105 z kilkunastoletnim do\u015bwiadczeniem w bran\u017cy remontowo-budowlanej. Swiadczymy profesjonalne i kompleksowe us\u0142ugi budowlane.Zapewniamy fachowa pomoc w adaptacjipomys\u0142\u00f3w oraz w zakupie i transporcie materia\u0142\u00f3w. &nbsp;&nbsp;&nbsp;&nbsp; Posiadamy wiedz\u0119 i nowoczesne zaplecze techniczne, co umo\u017cliwia nam indywidualne i nowatroskie podej\u015bcie do ka\u017cdego projektu. &nbsp;&nbsp;&nbsp;&nbsp; Nasze do\u015bwiadczenie zdobywali\u015bmy m.in. we Francji, gdzie zajmowali\u015bmy si\u0119 wyko\u0144czeniami mieszka\u0144, biur, dom\u00f3w, a tak\u017ce rozbudow\u0105 budynk\u00f3w mieszkalnych. &nbsp;&nbsp;&nbsp;&nbsp; To w\u0142a\u015bnie d\u0142ugoletnia dzia\u0142alno\u015b\u0107 i zdobyte do\u015bwiadczenie na rynku sprawi\u0142y, \u017ce zdobyli\u015bmy uznanie i zaufanie w\u015br\u00f3d klent\u00f3w. &nbsp;&nbsp;&nbsp;&nbsp; Gwarantujemy terminowe oraz solidne wykonanie us\u0142ug, doradztwo,uczciwo\u015b\u0107 oraz konkurencyjne ceny. Zapraszamy do wspo\u0142pracy !<\/p>\n","protected":false},"author":1,"featured_media":0,"parent":0,"menu_order":0,"comment_status":"closed","ping_status":"closed","template":"","meta":{"footnotes":""},"class_list":["post-56","page","type-page","status-publish","hentry"],"_links":{"self":[{"href":"http:\/\/rem-ex.pl\/index.php?rest_route=\/wp\/v2\/pages\/56","targetHints":{"allow":["GET"]}}],"collection":[{"href":"http:\/\/rem-ex.pl\/index.php?rest_route=\/wp\/v2\/pages"}],"about":[{"href":"http:\/\/rem-ex.pl\/index.php?rest_route=\/wp\/v2\/types\/page"}],"author":[{"embeddable":true,"href":"http:\/\/rem-ex.pl\/index.php?rest_route=\/wp\/v2\/users\/1"}],"replies":[{"embeddable":true,"href":"http:\/\/rem-ex.pl\/index.php?rest_route=%2Fwp%2Fv2%2Fcomments&post=56"}],"version-history":[{"count":3,"href":"http:\/\/rem-ex.pl\/index.php?rest_route=\/wp\/v2\/pages\/56\/revisions"}],"predecessor-version":[{"id":135,"href":"http:\/\/rem-ex.pl\/index.php?rest_route=\/wp\/v2\/pages\/56\/revisions\/135"}],"wp:attachment":[{"href":"http:\/\/rem-ex.pl\/index.php?rest_route=%2Fwp%2Fv2%2Fmedia&parent=56"}],"curies":[{"name":"wp","href":"https:\/\/api.w.org\/{rel}","templated":true}]}}